{"id":1056,"date":"2019-09-30T08:31:11","date_gmt":"2019-09-30T08:31:11","guid":{"rendered":"https:\/\/livewp.site\/wp\/md\/juris\/?page_id=1056"},"modified":"2023-03-22T17:37:14","modified_gmt":"2023-03-22T14:37:14","slug":"lawyers","status":"publish","type":"page","link":"https:\/\/avdhukuk.com\/en\/lawyers\/","title":{"rendered":"Our Team"},"content":{"rendered":"\t\t<div data-elementor-type=\"wp-page\" data-elementor-id=\"1056\" class=\"elementor elementor-1056\">\n\t\t\t\t\t\t<section class=\"elementor-section elementor-top-section elementor-element elementor-element-143c0636 elementor-section-boxed elementor-section-height-default elementor-section-height-default\" data-id=\"143c0636\" data-element_type=\"section\" data-e-type=\"section\">\n\t\t\t\t\t\t\t<div class=\"elementor-background-overlay\"><\/div>\n\t\t\t\t\t\t\t<div class=\"elementor-container elementor-column-gap-default\">\n\t\t\t\t\t<div class=\"elementor-column elementor-col-100 elementor-top-column elementor-element elementor-element-2437b8a2\" data-id=\"2437b8a2\" data-element_type=\"column\" data-e-type=\"column\">\n\t\t\t<div class=\"elementor-widget-wrap elementor-element-populated\">\n\t\t\t\t\t\t<div class=\"elementor-element elementor-element-2cd237b9 grid_gap-35 elementor-widget elementor-widget-gt3-core-team\" data-id=\"2cd237b9\" data-element_type=\"widget\" data-e-type=\"widget\" data-widget_type=\"gt3-core-team.default\">\n\t\t\t\t<div class=\"elementor-widget-container\">\n\t\t\t\t\t\t<div class=\"module_team type3\" data-post-index=\"20\">\r\n\t\t<div class=\"shortcode_team team_has_grid_gap\">\r\n\t\t\t<div class=\"items2\">\r\n\t\t\t\t\t\t\t\t<ul class=\"item_list \">\r\n\t\t\t\t\t<li class=\"item-team-member item-team--no_image\"><div class=\"item_wrapper\"><div class=\"item\"><div class=\"team_icons_wrapper\"><div class=\"member-icons\"><div class=\"team-icons\"><a href=\"https:\/\/twitter.com\/avdhukukburosu\" class=\"member-icon fa fa-twitter\" ><span><\/span><\/a><a href=\"https:\/\/www.facebook.com\/av.donmez.fatih\" class=\"member-icon fa fa-facebook\" ><span><\/span><\/a><a href=\"https:\/\/www.linkedin.com\/in\/fatih-d%C3%B6nmez-1b66bb6b\/\" class=\"member-icon fa fa-linkedin\" ><span><\/span><\/a><a href=\"https:\/\/www.instagram.com\/avdhukuk\/\" class=\"member-icon fa fa-instagram\" ><span><\/span><\/a><\/div><\/div><\/div><div class=\"team-infobox\"><div class=\"team_title\"><div class=\"team_title_wrapper\"><h3 class=\"team_title__text\"><a href=\"https:\/\/avdhukuk.com\/en\/lawyer\/fatih-donmez\/\">Fatih D\u00f6nmez<\/a><\/h3><div class=\"team-positions\">Founder Lawyer<\/div><\/div><\/div><div class=\"gt3_single_team_info\"><div class=\"gt3_single_team_info__item\"><h4>MAIL<\/h4><a href=\"mailto:fatihdonmez@avdhukuk.com\" target=\"_blank\"><span>fatihdonmez@avdhukuk.com<\/span><\/a><\/div><\/div><div class=\"team_link\"><a href=\"https:\/\/avdhukuk.com\/en\/lawyer\/fatih-donmez\/\">View More<\/a><\/div><\/div><\/div><\/div><\/li><li class=\"item-team-member item-team--no_image\"><div class=\"item_wrapper\"><div class=\"item\"><div class=\"team-infobox\"><div class=\"team_title\"><div class=\"team_title_wrapper\"><h3 class=\"team_title__text\"><a href=\"https:\/\/avdhukuk.com\/en\/lawyer\/omer-faruk-eyuboglu\/\">\u00d6mer Faruk Ey\u00fcbo\u011flu<\/a><\/h3><div class=\"team-positions\">Trainee Lawyer<\/div><\/div><\/div><div class=\"gt3_single_team_info\"><div class=\"gt3_single_team_info__item\"><\/div><\/div><div class=\"team_link\"><a href=\"https:\/\/avdhukuk.com\/en\/lawyer\/omer-faruk-eyuboglu\/\">View More<\/a><\/div><\/div><\/div><\/div><\/li><li class=\"item-team-member item-team--no_image\"><div class=\"item_wrapper\"><div class=\"item\"><div class=\"team_icons_wrapper\"><div class=\"member-icons\"><div class=\"team-icons\"><\/div><\/div><\/div><div class=\"team-infobox\"><div class=\"team_title\"><div class=\"team_title_wrapper\"><h3 class=\"team_title__text\"><a href=\"https:\/\/avdhukuk.com\/en\/lawyer\/emre-hacioglu\/\">Emre Hac\u0131o\u011flu<\/a><\/h3><div class=\"team-positions\">Lawyer<\/div><\/div><\/div><div class=\"gt3_single_team_info\"><div class=\"gt3_single_team_info__item\"><\/div><\/div><div class=\"team_link\"><a href=\"https:\/\/avdhukuk.com\/en\/lawyer\/emre-hacioglu\/\">View More<\/a><\/div><\/div><\/div><\/div><\/li><li class=\"item-team-member item-team--no_image\"><div class=\"item_wrapper\"><div class=\"item\"><div class=\"team_icons_wrapper\"><div class=\"member-icons\"><div class=\"team-icons\"><\/div><\/div><\/div><div class=\"team-infobox\"><div class=\"team_title\"><div class=\"team_title_wrapper\"><h3 class=\"team_title__text\"><a href=\"https:\/\/avdhukuk.com\/en\/lawyer\/zehra-duman\/\">Zehra Duman<\/a><\/h3><div class=\"team-positions\">Lawyer<\/div><\/div><\/div><div class=\"gt3_single_team_info\"><div class=\"gt3_single_team_info__item\"><\/div><\/div><div class=\"team_link\"><a href=\"https:\/\/avdhukuk.com\/en\/lawyer\/zehra-duman\/\">View More<\/a><\/div><\/div><\/div><\/div><\/li><li class=\"item-team-member item-team--no_image\"><div class=\"item_wrapper\"><div class=\"item\"><div class=\"team-infobox\"><div class=\"team_title\"><div class=\"team_title_wrapper\"><h3 class=\"team_title__text\"><a href=\"https:\/\/avdhukuk.com\/en\/lawyer\/yakup-sezen\/\">Yakup Sezen<\/a><\/h3><div class=\"team-positions\">Lawyer<\/div><\/div><\/div><div class=\"gt3_single_team_info\"><div class=\"gt3_single_team_info__item\"><\/div><\/div><div class=\"team_link\"><a href=\"https:\/\/avdhukuk.com\/en\/lawyer\/yakup-sezen\/\">View More<\/a><\/div><\/div><\/div><\/div><\/li><li class=\"item-team-member item-team--no_image\"><div class=\"item_wrapper\"><div class=\"item\"><div class=\"team-infobox\"><div class=\"team_title\"><div class=\"team_title_wrapper\"><h3 class=\"team_title__text\"><a href=\"https:\/\/avdhukuk.com\/en\/lawyer\/abdullah-demirtas\/\">Abdullah Demirta\u015f<\/a><\/h3><div class=\"team-positions\">Lawyer<\/div><\/div><\/div><div class=\"gt3_single_team_info\"><div class=\"gt3_single_team_info__item\"><\/div><\/div><div class=\"team_link\"><a href=\"https:\/\/avdhukuk.com\/en\/lawyer\/abdullah-demirtas\/\">View More<\/a><\/div><\/div><\/div><\/div><\/li><li class=\"item-team-member item-team--no_image\"><div class=\"item_wrapper\"><div class=\"item\"><div class=\"team-infobox\"><div class=\"team_title\"><div class=\"team_title_wrapper\"><h3 class=\"team_title__text\"><a href=\"https:\/\/avdhukuk.com\/en\/lawyer\/enes-furkan-ufuk\/\">Enes Furkan Ufuk<\/a><\/h3><div class=\"team-positions\">Lawyer<\/div><\/div><\/div><div class=\"gt3_single_team_info\"><div class=\"gt3_single_team_info__item\"><\/div><\/div><div class=\"team_link\"><a href=\"https:\/\/avdhukuk.com\/en\/lawyer\/enes-furkan-ufuk\/\">View More<\/a><\/div><\/div><\/div><\/div><\/li>\t\t\t\t<\/ul>\r\n\t\t\t\t<div class=\"clear\"><\/div>\r\n\t\t\t<\/div>\r\n\t\t<\/div>\r\n\t\t\t<\/div>\r\n<script type=\"application\/json\" id=\"settings--2cd237b9\">{\"type\":\"type3\",\"pagination_en\":false,\"posts_per_line\":2,\"grid_gap\":\"35\",\"query\":{\"post_status\":[\"publish\"],\"post_type\":\"team\",\"posts_per_page\":\"20\",\"orderby\":\"date \",\"order\":\"ASC\",\"paged\":1},\"link_post\":\"yes\",\"custom_item_height\":\"\",\"show_social\":\"yes\",\"show_position\":\"yes\",\"show_title\":\"yes\",\"show_description\":\"yes\"}<\/script>\t\t\t\t<\/div>\n\t\t\t\t<\/div>\n\t\t\t\t\t<\/div>\n\t\t<\/div>\n\t\t\t\t\t<\/div>\n\t\t<\/section>\n\t\t\t\t<section class=\"elementor-section elementor-top-section elementor-element elementor-element-4399556 elementor-section-stretched elementor-section-full_width elementor-section-content-middle elementor-section-height-default elementor-section-height-default\" data-id=\"4399556\" data-element_type=\"section\" data-e-type=\"section\" data-settings=\"{&quot;stretch_section&quot;:&quot;section-stretched&quot;}\">\n\t\t\t\t\t\t<div class=\"elementor-container elementor-column-gap-default\">\n\t\t\t\t\t<div class=\"elementor-column elementor-col-50 elementor-top-column elementor-element elementor-element-1a781f9 max_width-600\" data-id=\"1a781f9\" data-element_type=\"column\" data-e-type=\"column\">\n\t\t\t<div class=\"elementor-widget-wrap elementor-element-populated\">\n\t\t\t\t\t\t<div class=\"elementor-element elementor-element-171d49fb elementor-widget elementor-widget-spacer\" data-id=\"171d49fb\" data-element_type=\"widget\" data-e-type=\"widget\" data-widget_type=\"spacer.default\">\n\t\t\t\t<div class=\"elementor-widget-container\">\n\t\t\t\t\t\t\t<div class=\"elementor-spacer\">\n\t\t\t<div class=\"elementor-spacer-inner\"><\/div>\n\t\t<\/div>\n\t\t\t\t\t\t<\/div>\n\t\t\t\t<\/div>\n\t\t\t\t<div class=\"elementor-element elementor-element-7210f7fd elementor-widget elementor-widget-heading\" data-id=\"7210f7fd\" data-element_type=\"widget\" data-e-type=\"widget\" data-widget_type=\"heading.default\">\n\t\t\t\t<div class=\"elementor-widget-container\">\n\t\t\t\t\t<h3 class=\"elementor-heading-title elementor-size-default\">AVD LAW closely monitors all legal developments in Turkey and worldwide, incorporating these developments into its vision and mission plan through its expert team, and keeps track of the legal proceedings of important corporate companies from various parts of the world. <\/h3>\t\t\t\t<\/div>\n\t\t\t\t<\/div>\n\t\t\t\t<div class=\"elementor-element elementor-element-17c6e385 elementor-widget elementor-widget-text-editor\" data-id=\"17c6e385\" data-element_type=\"widget\" data-e-type=\"widget\" data-widget_type=\"text-editor.default\">\n\t\t\t\t<div class=\"elementor-widget-container\">\n\t\t\t\t\t\t\t\t\t<p>AVD LAW aims to provide its clients with legal services that are delivered with care and at the highest quality, exceeding Turkish standards.<\/p>\t\t\t\t\t\t\t\t<\/div>\n\t\t\t\t<\/div>\n\t\t\t\t<div class=\"gt3-core-button--alignment_center elementor-element elementor-element-7f7be2c2 elementor-widget elementor-widget-gt3-core-button\" data-id=\"7f7be2c2\" data-element_type=\"widget\" data-e-type=\"widget\" data-widget_type=\"gt3-core-button.default\">\n\t\t\t\t<div class=\"elementor-widget-container\">\n\t\t\t\t\t\t<div class=\"gt3_module_button_elementor size_normal alignment_center button_icon_default hover_none \">\r\n\t\t<a class=\"button_size_elementor_normal alignment_center border_icon_default hover_none btn_icon_position_right\" href=\"https:\/\/avdhukuk.com\/en\/about-us\/\">\r\n\t\t\t\t<span class=\"gt3_module_button__container\">\r\n\t\t\t\t\t\t\t\t\t\t\t<span class=\"gt3_module_button__cover front\"><span class=\"elementor_gt3_btn_text\">Learn More<\/span><span class=\"elementor_btn_icon_container\"><span class=\"elementor_gt3_btn_icon gt3_icon_default\"><\/span><\/span><\/span>\r\n\t\t\t\t\t\t\t\t\t\t\t\t\t\t\t<\/span>\r\n\t\t<\/a>\r\n\t<\/div>\r\n\r\n<script type=\"application\/json\" id=\"settings--7f7be2c2\">[]<\/script>\t\t\t\t<\/div>\n\t\t\t\t<\/div>\n\t\t\t\t<div class=\"elementor-element elementor-element-3d920484 elementor-widget elementor-widget-spacer\" data-id=\"3d920484\" data-element_type=\"widget\" data-e-type=\"widget\" data-widget_type=\"spacer.default\">\n\t\t\t\t<div class=\"elementor-widget-container\">\n\t\t\t\t\t\t\t<div class=\"elementor-spacer\">\n\t\t\t<div class=\"elementor-spacer-inner\"><\/div>\n\t\t<\/div>\n\t\t\t\t\t\t<\/div>\n\t\t\t\t<\/div>\n\t\t\t\t\t<\/div>\n\t\t<\/div>\n\t\t\t\t<div class=\"elementor-column elementor-col-50 elementor-top-column elementor-element elementor-element-276fde05\" data-id=\"276fde05\" data-element_type=\"column\" data-e-type=\"column\" data-settings=\"{&quot;background_background&quot;:&quot;classic&quot;}\">\n\t\t\t<div class=\"elementor-widget-wrap elementor-element-populated\">\n\t\t\t\t\t\t<div class=\"elementor-element elementor-element-6ff0e56f elementor-widget elementor-widget-spacer\" data-id=\"6ff0e56f\" data-element_type=\"widget\" data-e-type=\"widget\" data-widget_type=\"spacer.default\">\n\t\t\t\t<div class=\"elementor-widget-container\">\n\t\t\t\t\t\t\t<div class=\"elementor-spacer\">\n\t\t\t<div class=\"elementor-spacer-inner\"><\/div>\n\t\t<\/div>\n\t\t\t\t\t\t<\/div>\n\t\t\t\t<\/div>\n\t\t\t\t\t<\/div>\n\t\t<\/div>\n\t\t\t\t\t<\/div>\n\t\t<\/section>\n\t\t\t\t<section class=\"elementor-section elementor-top-section elementor-element elementor-element-479578a9 elementor-section-stretched elementor-section-full_width elementor-section-height-default elementor-section-height-default\" data-id=\"479578a9\" data-element_type=\"section\" data-e-type=\"section\" data-settings=\"{&quot;background_background&quot;:&quot;gradient&quot;,&quot;stretch_section&quot;:&quot;section-stretched&quot;}\">\n\t\t\t\t\t\t<div class=\"elementor-container elementor-column-gap-no\">\n\t\t\t\t\t<div class=\"elementor-column elementor-col-100 elementor-top-column elementor-element elementor-element-1b48d31f\" data-id=\"1b48d31f\" data-element_type=\"column\" data-e-type=\"column\">\n\t\t\t<div class=\"elementor-widget-wrap elementor-element-populated\">\n\t\t\t\t\t\t<div class=\"elementor-element elementor-element-1f0040de elementor-position-top elementor-vertical-align-top elementor-widget elementor-widget-gt3-core-imagebox\" data-id=\"1f0040de\" data-element_type=\"widget\" data-e-type=\"widget\" data-widget_type=\"gt3-core-imagebox.default\">\n\t\t\t\t<div class=\"elementor-widget-container\">\n\t\t\t\t\t<div class=\"gt3-core-imagebox-wrapper elementor-image_icon-position-default\"><figure class=\"gt3-core-imagebox-img gt3-core-imagebox-img_hover\"><a href=\"https:\/\/avdhukuk.com\/en\/contacts\/\"><img fetchpriority=\"high\" decoding=\"async\" width=\"256\" height=\"273\" src=\"https:\/\/avdhukuk.com\/en\/wp-content\/uploads\/sites\/2\/2023\/03\/img-5.png\" class=\"attachment-full size-full wp-image-2117\" alt=\"\" title=\"img-5.png\" \/><img decoding=\"async\" width=\"256\" height=\"273\" src=\"https:\/\/avdhukuk.com\/en\/wp-content\/uploads\/sites\/2\/2023\/03\/img-6.png\" class=\"attachment-full size-full wp-image-2118\" alt=\"\" title=\"img-6.png\" \/><\/a><\/figure><div class=\"gt3-core-imagebox-content\"><div class=\"gt3-core-imagebox-title\"><h6 class=\"gt3-core-imagebox-title\"><a href=\"https:\/\/avdhukuk.com\/en\/contacts\/\">Make an Appointment<\/a><\/h6><\/div><p class=\"gt3-core-imagebox-description\">Contact Us<\/p><\/div><\/div><a href=\"https:\/\/avdhukuk.com\/en\/contacts\/\"><\/a>\t\t\t\t<\/div>\n\t\t\t\t<\/div>\n\t\t\t\t\t<\/div>\n\t\t<\/div>\n\t\t\t\t\t<\/div>\n\t\t<\/section>\n\t\t\t\t<section class=\"elementor-section elementor-top-section elementor-element elementor-element-1a47a894 elementor-section-stretched elementor-section-boxed elementor-section-height-default elementor-section-height-default\" data-id=\"1a47a894\" data-element_type=\"section\" data-e-type=\"section\" data-settings=\"{&quot;stretch_section&quot;:&quot;section-stretched&quot;}\">\n\t\t\t\t\t\t<div class=\"elementor-container elementor-column-gap-default\">\n\t\t\t\t\t<div class=\"elementor-column elementor-col-100 elementor-top-column elementor-element elementor-element-71988f0b\" data-id=\"71988f0b\" data-element_type=\"column\" data-e-type=\"column\">\n\t\t\t<div class=\"elementor-widget-wrap elementor-element-populated\">\n\t\t\t\t\t\t<div class=\"elementor-element elementor-element-2f588b8c elementor-widget elementor-widget-spacer\" data-id=\"2f588b8c\" data-element_type=\"widget\" data-e-type=\"widget\" data-widget_type=\"spacer.default\">\n\t\t\t\t<div class=\"elementor-widget-container\">\n\t\t\t\t\t\t\t<div class=\"elementor-spacer\">\n\t\t\t<div class=\"elementor-spacer-inner\"><\/div>\n\t\t<\/div>\n\t\t\t\t\t\t<\/div>\n\t\t\t\t<\/div>\n\t\t\t\t<div class=\"elementor-element elementor-element-5694bbd5 elementor-widget elementor-widget-heading\" data-id=\"5694bbd5\" data-element_type=\"widget\" data-e-type=\"widget\" data-widget_type=\"heading.default\">\n\t\t\t\t<div class=\"elementor-widget-container\">\n\t\t\t\t\t<h2 class=\"elementor-heading-title elementor-size-default\">News<\/h2>\t\t\t\t<\/div>\n\t\t\t\t<\/div>\n\t\t\t\t<div class=\"elementor-element elementor-element-630c7110 elementor-widget elementor-widget-spacer\" data-id=\"630c7110\" data-element_type=\"widget\" data-e-type=\"widget\" data-widget_type=\"spacer.default\">\n\t\t\t\t<div class=\"elementor-widget-container\">\n\t\t\t\t\t\t\t<div class=\"elementor-spacer\">\n\t\t\t<div class=\"elementor-spacer-inner\"><\/div>\n\t\t<\/div>\n\t\t\t\t\t\t<\/div>\n\t\t\t\t<\/div>\n\t\t\t\t<div class=\"elementor-element elementor-element-30b7635 arrow_position-inside elementor-widget elementor-widget-gt3-core-blog-simple\" data-id=\"30b7635\" data-element_type=\"widget\" data-e-type=\"widget\" data-widget_type=\"gt3-core-blog-simple.default\">\n\t\t\t\t<div class=\"elementor-widget-container\">\n\t\t\t\t\t\t<div class=\"gt3_module_blog_simple gt3_carousel-elementor\">\r\n\t\t\t<\/div>\r\n<script type=\"application\/json\" id=\"settings--30b7635\">{\"fade\":false,\"autoplay\":true,\"items_per_line\":1,\"autoplaySpeed\":4000,\"dots\":false,\"arrows\":true,\"centerMode\":false,\"posts_per_column\":3,\"l10n\":{\"prev\":\"Prev\",\"next\":\"Next\"}}<\/script>\t\t\t\t<\/div>\n\t\t\t\t<\/div>\n\t\t\t\t<div class=\"elementor-element elementor-element-696aa12b elementor-widget elementor-widget-spacer\" data-id=\"696aa12b\" data-element_type=\"widget\" data-e-type=\"widget\" data-widget_type=\"spacer.default\">\n\t\t\t\t<div class=\"elementor-widget-container\">\n\t\t\t\t\t\t\t<div class=\"elementor-spacer\">\n\t\t\t<div class=\"elementor-spacer-inner\"><\/div>\n\t\t<\/div>\n\t\t\t\t\t\t<\/div>\n\t\t\t\t<\/div>\n\t\t\t\t<div class=\"gt3-core-button--alignment_center elementor-element elementor-element-104965d5 elementor-widget elementor-widget-gt3-core-button\" data-id=\"104965d5\" data-element_type=\"widget\" data-e-type=\"widget\" data-widget_type=\"gt3-core-button.default\">\n\t\t\t\t<div class=\"elementor-widget-container\">\n\t\t\t\t\t\t<div class=\"gt3_module_button_elementor size_normal alignment_center button_icon_default hover_none \">\r\n\t\t<a class=\"button_size_elementor_normal alignment_center border_icon_default hover_none btn_icon_position_right\" href=\"https:\/\/avdhukuk.com\/en\/news-2\/\">\r\n\t\t\t\t<span class=\"gt3_module_button__container\">\r\n\t\t\t\t\t\t\t\t\t\t\t<span class=\"gt3_module_button__cover front\"><span class=\"elementor_gt3_btn_text\">More Articles<\/span><span class=\"elementor_btn_icon_container\"><span class=\"elementor_gt3_btn_icon gt3_icon_default\"><\/span><\/span><\/span>\r\n\t\t\t\t\t\t\t\t\t\t\t\t\t\t\t<\/span>\r\n\t\t<\/a>\r\n\t<\/div>\r\n\r\n<script type=\"application\/json\" id=\"settings--104965d5\">[]<\/script>\t\t\t\t<\/div>\n\t\t\t\t<\/div>\n\t\t\t\t<div class=\"elementor-element elementor-element-5b925178 elementor-widget elementor-widget-spacer\" data-id=\"5b925178\" data-element_type=\"widget\" data-e-type=\"widget\" data-widget_type=\"spacer.default\">\n\t\t\t\t<div class=\"elementor-widget-container\">\n\t\t\t\t\t\t\t<div class=\"elementor-spacer\">\n\t\t\t<div class=\"elementor-spacer-inner\"><\/div>\n\t\t<\/div>\n\t\t\t\t\t\t<\/div>\n\t\t\t\t<\/div>\n\t\t\t\t\t<\/div>\n\t\t<\/div>\n\t\t\t\t\t<\/div>\n\t\t<\/section>\n\t\t\t\t<section class=\"elementor-section elementor-top-section elementor-element elementor-element-77d4a685 elementor-section-boxed elementor-section-height-default elementor-section-height-default\" data-id=\"77d4a685\" data-element_type=\"section\" data-e-type=\"section\">\n\t\t\t\t\t\t<div class=\"elementor-container elementor-column-gap-default\">\n\t\t\t\t\t<div class=\"elementor-column elementor-col-100 elementor-top-column elementor-element elementor-element-167bed07\" data-id=\"167bed07\" data-element_type=\"column\" data-e-type=\"column\">\n\t\t\t<div class=\"elementor-widget-wrap elementor-element-populated\">\n\t\t\t\t\t\t<div class=\"elementor-element elementor-element-40ccce48 elementor-widget elementor-widget-heading\" data-id=\"40ccce48\" data-element_type=\"widget\" data-e-type=\"widget\" data-widget_type=\"heading.default\">\n\t\t\t\t<div class=\"elementor-widget-container\">\n\t\t\t\t\t<h4 class=\"elementor-heading-title elementor-size-default\">Subscribe to the newsletter to stay up to date!<\/h4>\t\t\t\t<\/div>\n\t\t\t\t<\/div>\n\t\t\t\t<div class=\"elementor-element elementor-element-34b36cec elementor-widget elementor-widget-shortcode\" data-id=\"34b36cec\" data-element_type=\"widget\" data-e-type=\"widget\" data-widget_type=\"shortcode.default\">\n\t\t\t\t<div class=\"elementor-widget-container\">\n\t\t\t\t\t\t\t<div class=\"elementor-shortcode\">  \n  \n  <div class=\"\n    mailpoet_form_popup_overlay\n      \"><\/div>\n  <div\n    id=\"mailpoet_form_1\"\n    class=\"\n      mailpoet_form\n      mailpoet_form_shortcode\n      mailpoet_form_position_\n      mailpoet_form_animation_\n    \"\n      >\n\n    <style type=\"text\/css\">\n     #mailpoet_form_1 .mailpoet_form {  }\n#mailpoet_form_1 .mailpoet_column_with_background { padding: 10px; }\n#mailpoet_form_1 .mailpoet_form_column:not(:first-child) { margin-left: 20px; }\n#mailpoet_form_1 .mailpoet_paragraph { line-height: 20px; margin-bottom: 20px; }\n#mailpoet_form_1 .mailpoet_segment_label, #mailpoet_form_1 .mailpoet_text_label, #mailpoet_form_1 .mailpoet_textarea_label, #mailpoet_form_1 .mailpoet_select_label, #mailpoet_form_1 .mailpoet_radio_label, #mailpoet_form_1 .mailpoet_checkbox_label, #mailpoet_form_1 .mailpoet_list_label, #mailpoet_form_1 .mailpoet_date_label { display: block; font-weight: normal; }\n#mailpoet_form_1 .mailpoet_text, #mailpoet_form_1 .mailpoet_textarea, #mailpoet_form_1 .mailpoet_select, #mailpoet_form_1 .mailpoet_date_month, #mailpoet_form_1 .mailpoet_date_day, #mailpoet_form_1 .mailpoet_date_year, #mailpoet_form_1 .mailpoet_date { display: block; }\n#mailpoet_form_1 .mailpoet_text, #mailpoet_form_1 .mailpoet_textarea { width: 200px; }\n#mailpoet_form_1 .mailpoet_checkbox {  }\n#mailpoet_form_1 .mailpoet_submit {  }\n#mailpoet_form_1 .mailpoet_divider {  }\n#mailpoet_form_1 .mailpoet_message {  }\n#mailpoet_form_1 .mailpoet_form_loading { width: 30px; text-align: center; line-height: normal; }\n#mailpoet_form_1 .mailpoet_form_loading > span { width: 5px; height: 5px; background-color: #5b5b5b; }#mailpoet_form_1{border-radius: 0px;text-align: left;}#mailpoet_form_1 form.mailpoet_form {padding: 20px;}#mailpoet_form_1{width: 100%;}#mailpoet_form_1 .mailpoet_message {margin: 0; padding: 0 20px;}#mailpoet_form_1 .mailpoet_paragraph.last {margin-bottom: 0} @media (max-width: 500px) {#mailpoet_form_1 {background-image: none;}} @media (min-width: 500px) {#mailpoet_form_1 .last .mailpoet_paragraph:last-child {margin-bottom: 0}}  @media (max-width: 500px) {#mailpoet_form_1 .mailpoet_form_column:last-child .mailpoet_paragraph:last-child {margin-bottom: 0}} \n    <\/style>\n\n    <form\n      target=\"_self\"\n      method=\"post\"\n      action=\"https:\/\/avdhukuk.com\/en\/wp-admin\/admin-post.php?action=mailpoet_subscription_form\"\n      class=\"mailpoet_form mailpoet_form_form mailpoet_form_shortcode\"\n      novalidate\n      data-delay=\"\"\n      data-exit-intent-enabled=\"\"\n      data-font-family=\"\"\n      data-cookie-expiration-time=\"\"\n    >\n      <input type=\"hidden\" name=\"data[form_id]\" value=\"1\" \/>\n      <input type=\"hidden\" name=\"token\" value=\"9d61fb914d\" \/>\n      <input type=\"hidden\" name=\"api_version\" value=\"v1\" \/>\n      <input type=\"hidden\" name=\"endpoint\" value=\"subscribers\" \/>\n      <input type=\"hidden\" name=\"mailpoet_method\" value=\"subscribe\" \/>\n\n      <label class=\"mailpoet_hp_email_label\" style=\"display: none !important;\">Please leave this field empty<input type=\"email\" name=\"data[email]\"\/><\/label><div class=\"mailpoet_paragraph \"><input type=\"email\" autocomplete=\"email\" class=\"mailpoet_text\" id=\"form_email_1\" name=\"data[form_field_NGE5ZjAwZjk4OGYzX2VtYWls]\" title=\"Email Address\" value=\"\" style=\"width:100%;box-sizing:border-box;padding:5px;margin: 0 auto 0 0;\" data-automation-id=\"form_email\"  placeholder=\"Email Address *\" aria-label=\"Email Address *\" data-parsley-errors-container=\".mailpoet_error_1sc3r\" data-parsley-required=\"true\" required aria-required=\"true\" data-parsley-minlength=\"6\" data-parsley-maxlength=\"150\" data-parsley-type-message=\"This value should be a valid email.\" data-parsley-required-message=\"This field is required.\"\/><span class=\"mailpoet_error_1sc3r\"><\/span><\/div>\n<div class=\"mailpoet_paragraph \"><input type=\"submit\" class=\"mailpoet_submit\" value=\"Subscribe!\" data-automation-id=\"subscribe-submit-button\" style=\"width:100%;box-sizing:border-box;padding:5px;margin: 0 auto 0 0;border-color:transparent;\" \/><span class=\"mailpoet_form_loading\"><span class=\"mailpoet_bounce1\"><\/span><span class=\"mailpoet_bounce2\"><\/span><span class=\"mailpoet_bounce3\"><\/span><\/span><\/div>\n\n      <div class=\"mailpoet_message\">\n        <p class=\"mailpoet_validate_success\"\n                style=\"display:none;\"\n                >Check your inbox or spam folder to confirm your subscription.\n        <\/p>\n        <p class=\"mailpoet_validate_error\"\n                style=\"display:none;\"\n                >        <\/p>\n      <\/div>\n    <\/form>\n\n      <\/div>\n\n  <\/div>\n\t\t\t\t\t\t<\/div>\n\t\t\t\t<\/div>\n\t\t\t\t\t<\/div>\n\t\t<\/div>\n\t\t\t\t\t<\/div>\n\t\t<\/section>\n\t\t\t\t<\/div>\n\t\t","protected":false},"excerpt":{"rendered":"<p>Nataly Parker Senior Attorney, NY, NY MAIL maria@example.com TEL 800 556 9890View More Donald Arno Senior Attorney, NY, NY MAIL donald@example.com TEL 800 556 9890View More Linda Meek Senior Attorney, NY, NY MAIL linda@example.com TEL 800 556 9890View More Maria Gonsales Senior Attorney, NY, NY MAIL maria@example.com TEL 800 556 9890View More Tyler S. Jackson [&hellip;]<\/p>\n","protected":false},"author":1,"featured_media":0,"parent":0,"menu_order":0,"comment_status":"closed","ping_status":"closed","template":"","meta":{"footnotes":""},"class_list":["post-1056","page","type-page","status-publish","hentry"],"_links":{"self":[{"href":"https:\/\/avdhukuk.com\/en\/wp-json\/wp\/v2\/pages\/1056","targetHints":{"allow":["GET"]}}],"collection":[{"href":"https:\/\/avdhukuk.com\/en\/wp-json\/wp\/v2\/pages"}],"about":[{"href":"https:\/\/avdhukuk.com\/en\/wp-json\/wp\/v2\/types\/page"}],"author":[{"embeddable":true,"href":"https:\/\/avdhukuk.com\/en\/wp-json\/wp\/v2\/users\/1"}],"replies":[{"embeddable":true,"href":"https:\/\/avdhukuk.com\/en\/wp-json\/wp\/v2\/comments?post=1056"}],"version-history":[{"count":7,"href":"https:\/\/avdhukuk.com\/en\/wp-json\/wp\/v2\/pages\/1056\/revisions"}],"predecessor-version":[{"id":2460,"href":"https:\/\/avdhukuk.com\/en\/wp-json\/wp\/v2\/pages\/1056\/revisions\/2460"}],"wp:attachment":[{"href":"https:\/\/avdhukuk.com\/en\/wp-json\/wp\/v2\/media?parent=1056"}],"curies":[{"name":"wp","href":"https:\/\/api.w.org\/{rel}","templated":true}]}}